{"id":9291,"date":"2024-02-26T15:16:36","date_gmt":"2024-02-26T15:16:36","guid":{"rendered":"https:\/\/todolactea.com.ar\/lecheria\/?page_id=9291"},"modified":"2026-04-15T20:16:38","modified_gmt":"2026-04-15T20:16:38","slug":"tambo-360","status":"publish","type":"page","link":"https:\/\/todolactea.com.ar\/lecheria\/tambo-360\/","title":{"rendered":"Jornada Tambo 360"},"content":{"rendered":"\t\t<div data-elementor-type=\"wp-page\" data-elementor-id=\"9291\" class=\"elementor elementor-9291\" data-elementor-post-type=\"page\">\n\t\t\t\t\t\t<section class=\"elementor-section elementor-top-section elementor-element elementor-element-4066ab5c elementor-section-height-min-height elementor-section-full_width elementor-section-height-default elementor-section-items-middle wpr-particle-no wpr-jarallax-no wpr-parallax-no wpr-sticky-section-no wpr-equal-height-no\" data-id=\"4066ab5c\" data-element_type=\"section\" data-e-type=\"section\" data-settings=\"{&quot;background_background&quot;:&quot;classic&quot;}\">\n\t\t\t\t\t\t\t<div class=\"elementor-background-overlay\"><\/div>\n\t\t\t\t\t\t\t<div class=\"elementor-container elementor-column-gap-default\">\n\t\t\t\t\t<div class=\"elementor-column elementor-col-33 elementor-top-column elementor-element elementor-element-36a2e857\" data-id=\"36a2e857\" data-element_type=\"column\" data-e-type=\"column\">\n\t\t\t<div class=\"elementor-widget-wrap\">\n\t\t\t\t\t\t\t<\/div>\n\t\t<\/div>\n\t\t\t\t<div class=\"elementor-column elementor-col-33 elementor-top-column elementor-element elementor-element-a8d270e\" data-id=\"a8d270e\" data-element_type=\"column\" data-e-type=\"column\">\n\t\t\t<div class=\"elementor-widget-wrap elementor-element-populated\">\n\t\t\t\t\t\t<div class=\"elementor-element elementor-element-c574116 elementor-widget__width-initial elementor-widget elementor-widget-heading\" data-id=\"c574116\" data-element_type=\"widget\" data-e-type=\"widget\" data-widget_type=\"heading.default\">\n\t\t\t\t<div class=\"elementor-widget-container\">\n\t\t\t\t\t<h1 class=\"elementor-heading-title elementor-size-default\">Jornada Tambo 360<\/h1>\t\t\t\t<\/div>\n\t\t\t\t<\/div>\n\t\t\t\t<div class=\"elementor-element elementor-element-49a54a9 elementor-widget elementor-widget-image\" data-id=\"49a54a9\" data-element_type=\"widget\" data-e-type=\"widget\" data-widget_type=\"image.default\">\n\t\t\t\t<div class=\"elementor-widget-container\">\n\t\t\t\t\t\t\t\t\t\t\t\t\t\t\t<img fetchpriority=\"high\" decoding=\"async\" width=\"2560\" height=\"1273\" src=\"https:\/\/todolactea.com.ar\/lecheria\/wp-content\/uploads\/2026\/04\/LOGO-INDIV-GIORDANO-01-scaled.png\" class=\"attachment-full size-full wp-image-21168\" alt=\"\" srcset=\"https:\/\/todolactea.com.ar\/lecheria\/wp-content\/uploads\/2026\/04\/LOGO-INDIV-GIORDANO-01-scaled.png 2560w, https:\/\/todolactea.com.ar\/lecheria\/wp-content\/uploads\/2026\/04\/LOGO-INDIV-GIORDANO-01-300x149.png 300w, https:\/\/todolactea.com.ar\/lecheria\/wp-content\/uploads\/2026\/04\/LOGO-INDIV-GIORDANO-01-1024x509.png 1024w, https:\/\/todolactea.com.ar\/lecheria\/wp-content\/uploads\/2026\/04\/LOGO-INDIV-GIORDANO-01-768x382.png 768w, https:\/\/todolactea.com.ar\/lecheria\/wp-content\/uploads\/2026\/04\/LOGO-INDIV-GIORDANO-01-1536x764.png 1536w, https:\/\/todolactea.com.ar\/lecheria\/wp-content\/uploads\/2026\/04\/LOGO-INDIV-GIORDANO-01-2048x1018.png 2048w\" sizes=\"(max-width: 2560px) 100vw, 2560px\" \/>\t\t\t\t\t\t\t\t\t\t\t\t\t\t\t<\/div>\n\t\t\t\t<\/div>\n\t\t\t\t<div class=\"elementor-element elementor-element-dab3676 elementor-widget elementor-widget-text-editor\" data-id=\"dab3676\" data-element_type=\"widget\" data-e-type=\"widget\" data-widget_type=\"text-editor.default\">\n\t\t\t\t<div class=\"elementor-widget-container\">\n\t\t\t\t\t\t\t\t\t<p>Jueves 14 de Mayo | 11:00 hs | Auditorio VILLA NUEVA TECH<\/p>\t\t\t\t\t\t\t\t<\/div>\n\t\t\t\t<\/div>\n\t\t\t\t\t<\/div>\n\t\t<\/div>\n\t\t\t\t<div class=\"elementor-column elementor-col-33 elementor-top-column elementor-element elementor-element-e2b7be8\" data-id=\"e2b7be8\" data-element_type=\"column\" data-e-type=\"column\">\n\t\t\t<div class=\"elementor-widget-wrap\">\n\t\t\t\t\t\t\t<\/div>\n\t\t<\/div>\n\t\t\t\t\t<\/div>\n\t\t<\/section>\n\t\t\t\t<section class=\"elementor-section elementor-top-section elementor-element elementor-element-aadc9bb elementor-section-boxed elementor-section-height-default elementor-section-height-default wpr-particle-no wpr-jarallax-no wpr-parallax-no wpr-sticky-section-no wpr-equal-height-no\" data-id=\"aadc9bb\" data-element_type=\"section\" data-e-type=\"section\">\n\t\t\t\t\t\t<div class=\"elementor-container elementor-column-gap-default\">\n\t\t\t\t\t<div class=\"elementor-column elementor-col-100 elementor-top-column elementor-element elementor-element-c7cd0bf\" data-id=\"c7cd0bf\" data-element_type=\"column\" data-e-type=\"column\">\n\t\t\t<div class=\"elementor-widget-wrap elementor-element-populated\">\n\t\t\t\t\t\t<div class=\"elementor-element elementor-element-37bf8e5 elementor-widget elementor-widget-spacer\" data-id=\"37bf8e5\" data-element_type=\"widget\" data-e-type=\"widget\" data-widget_type=\"spacer.default\">\n\t\t\t\t<div class=\"elementor-widget-container\">\n\t\t\t\t\t\t\t<div class=\"elementor-spacer\">\n\t\t\t<div class=\"elementor-spacer-inner\"><\/div>\n\t\t<\/div>\n\t\t\t\t\t\t<\/div>\n\t\t\t\t<\/div>\n\t\t\t\t<div class=\"elementor-element elementor-element-9713c08 elementor-widget elementor-widget-text-editor\" data-id=\"9713c08\" data-element_type=\"widget\" data-e-type=\"widget\" data-widget_type=\"text-editor.default\">\n\t\t\t\t<div class=\"elementor-widget-container\">\n\t\t\t\t\t\t\t\t\t<p>La sustentabilidad es uno de los ejes diacr\u00f3nicos de TodoL\u00e1ctea y en esta jornada trabajar\u00e1 4 aspectos centrales de un Tambo 360: la gesti\u00f3n integral de los residuos pecuarios, el impacto ambiental, el uso agron\u00f3mico de los efluentes y la posibilidad de producir biog\u00e1s.<\/p><p>PROGRAMA:<\/p><p><strong>Gesti\u00f3n integral de los residuos pecuarios.<\/strong><br \/>Diserta: Ing. Qu\u00edmico Leonardo Genero, titular de la empresa Gening.<\/p><p><strong>El potencial de los tambos para la producci\u00f3n de Biog\u00e1s. Desarrollo de negocios. La oportunidad de operar con el MEVA (Mercado de Valores Ambientales).<\/strong><br \/>Diserta: Juan Pablo Macagno, consultor privado y fundador de Cleanenergy.<\/p><p><strong>Nutrir las vacas para nutrir los suelos. Uso agron\u00f3mico de los efluentes<\/strong><br \/>Diserta: Nicol\u00e1s Sosa y Marcos Bragachini, t\u00e9cnicos del INTA.<\/p>\t\t\t\t\t\t\t\t<\/div>\n\t\t\t\t<\/div>\n\t\t\t\t\t<\/div>\n\t\t<\/div>\n\t\t\t\t\t<\/div>\n\t\t<\/section>\n\t\t\t\t<section class=\"elementor-section elementor-top-section elementor-element elementor-element-26dd8e93 elementor-section-boxed elementor-section-height-default elementor-section-height-default wpr-particle-no wpr-jarallax-no wpr-parallax-no wpr-sticky-section-no wpr-equal-height-no\" data-id=\"26dd8e93\" data-element_type=\"section\" data-e-type=\"section\">\n\t\t\t\t\t\t<div class=\"elementor-container elementor-column-gap-default\">\n\t\t\t\t\t<div class=\"elementor-column elementor-col-100 elementor-top-column elementor-element elementor-element-63579e8e\" data-id=\"63579e8e\" data-element_type=\"column\" data-e-type=\"column\">\n\t\t\t<div class=\"elementor-widget-wrap elementor-element-populated\">\n\t\t\t\t\t\t<div class=\"elementor-element elementor-element-71c918af elementor-button-info elementor-align-center elementor-widget elementor-widget-button\" data-id=\"71c918af\" data-element_type=\"widget\" data-e-type=\"widget\" data-widget_type=\"button.default\">\n\t\t\t\t<div class=\"elementor-widget-container\">\n\t\t\t\t\t\t\t\t\t<div class=\"elementor-button-wrapper\">\n\t\t\t\t\t<a class=\"elementor-button elementor-button-link elementor-size-sm\" href=\"https:\/\/inscripciones-todolactea.animussoft.com.ar\/\" target=\"_blank\">\n\t\t\t\t\t\t<span class=\"elementor-button-content-wrapper\">\n\t\t\t\t\t\t\t\t\t<span class=\"elementor-button-text\">INSCRIPCIONES<\/span>\n\t\t\t\t\t<\/span>\n\t\t\t\t\t<\/a>\n\t\t\t\t<\/div>\n\t\t\t\t\t\t\t\t<\/div>\n\t\t\t\t<\/div>\n\t\t\t\t<div class=\"elementor-element elementor-element-11b1e7b3 elementor-widget elementor-widget-spacer\" data-id=\"11b1e7b3\" data-element_type=\"widget\" data-e-type=\"widget\" data-widget_type=\"spacer.default\">\n\t\t\t\t<div class=\"elementor-widget-container\">\n\t\t\t\t\t\t\t<div class=\"elementor-spacer\">\n\t\t\t<div class=\"elementor-spacer-inner\"><\/div>\n\t\t<\/div>\n\t\t\t\t\t\t<\/div>\n\t\t\t\t<\/div>\n\t\t\t\t\t<\/div>\n\t\t<\/div>\n\t\t\t\t\t<\/div>\n\t\t<\/section>\n\t\t\t\t<section class=\"elementor-section elementor-top-section elementor-element elementor-element-d7e787b elementor-section-content-top elementor-section-boxed elementor-section-height-default elementor-section-height-default wpr-particle-no wpr-jarallax-no wpr-parallax-no wpr-sticky-section-no wpr-equal-height-no\" data-id=\"d7e787b\" data-element_type=\"section\" data-e-type=\"section\" data-settings=\"{&quot;background_background&quot;:&quot;classic&quot;}\">\n\t\t\t\t\t\t\t<div class=\"elementor-background-overlay\"><\/div>\n\t\t\t\t\t\t\t<div class=\"elementor-container elementor-column-gap-default\">\n\t\t\t\t\t<div class=\"elementor-column elementor-col-100 elementor-top-column elementor-element elementor-element-6b9f38f9\" data-id=\"6b9f38f9\" data-element_type=\"column\" data-e-type=\"column\">\n\t\t\t<div class=\"elementor-widget-wrap elementor-element-populated\">\n\t\t\t\t\t\t<section class=\"elementor-section elementor-inner-section elementor-element elementor-element-163ed73e elementor-section-content-top elementor-section-boxed elementor-section-height-default elementor-section-height-default wpr-particle-no wpr-jarallax-no wpr-parallax-no wpr-sticky-section-no wpr-equal-height-no\" data-id=\"163ed73e\" data-element_type=\"section\" data-e-type=\"section\">\n\t\t\t\t\t\t<div class=\"elementor-container elementor-column-gap-default\">\n\t\t\t\t\t<div class=\"elementor-column elementor-col-33 elementor-inner-column elementor-element elementor-element-2b5039dc\" data-id=\"2b5039dc\" data-element_type=\"column\" data-e-type=\"column\">\n\t\t\t<div class=\"elementor-widget-wrap elementor-element-populated\">\n\t\t\t\t\t\t<div class=\"elementor-element elementor-element-4add3aa4 elementor-widget elementor-widget-heading\" data-id=\"4add3aa4\" data-element_type=\"widget\" data-e-type=\"widget\" data-widget_type=\"heading.default\">\n\t\t\t\t<div class=\"elementor-widget-container\">\n\t\t\t\t\t<h2 class=\"elementor-heading-title elementor-size-default\">Organiza<\/h2>\t\t\t\t<\/div>\n\t\t\t\t<\/div>\n\t\t\t\t<div class=\"elementor-element elementor-element-4518762d elementor-widget elementor-widget-image\" data-id=\"4518762d\" data-element_type=\"widget\" data-e-type=\"widget\" data-widget_type=\"image.default\">\n\t\t\t\t<div class=\"elementor-widget-container\">\n\t\t\t\t\t\t\t\t\t\t\t\t\t\t\t<img decoding=\"async\" width=\"1875\" height=\"523\" src=\"https:\/\/todolactea.com.ar\/lecheria\/wp-content\/uploads\/2023\/02\/Grupo-TodoAgro-Blanco-01.png\" class=\"attachment-full size-full wp-image-6825\" alt=\"\" srcset=\"https:\/\/todolactea.com.ar\/lecheria\/wp-content\/uploads\/2023\/02\/Grupo-TodoAgro-Blanco-01.png 1875w, https:\/\/todolactea.com.ar\/lecheria\/wp-content\/uploads\/2023\/02\/Grupo-TodoAgro-Blanco-01-300x84.png 300w, https:\/\/todolactea.com.ar\/lecheria\/wp-content\/uploads\/2023\/02\/Grupo-TodoAgro-Blanco-01-1024x286.png 1024w, https:\/\/todolactea.com.ar\/lecheria\/wp-content\/uploads\/2023\/02\/Grupo-TodoAgro-Blanco-01-768x214.png 768w, https:\/\/todolactea.com.ar\/lecheria\/wp-content\/uploads\/2023\/02\/Grupo-TodoAgro-Blanco-01-1536x428.png 1536w\" sizes=\"(max-width: 1875px) 100vw, 1875px\" \/>\t\t\t\t\t\t\t\t\t\t\t\t\t\t\t<\/div>\n\t\t\t\t<\/div>\n\t\t\t\t\t<\/div>\n\t\t<\/div>\n\t\t\t\t<div class=\"elementor-column elementor-col-33 elementor-inner-column elementor-element elementor-element-1833b020\" data-id=\"1833b020\" data-element_type=\"column\" data-e-type=\"column\">\n\t\t\t<div class=\"elementor-widget-wrap elementor-element-populated\">\n\t\t\t\t\t\t<div class=\"elementor-element elementor-element-74224822 elementor-invisible elementor-widget elementor-widget-text-editor\" data-id=\"74224822\" data-element_type=\"widget\" data-e-type=\"widget\" data-settings=\"{&quot;_animation_delay&quot;:600,&quot;_animation&quot;:&quot;fadeInUp&quot;}\" data-widget_type=\"text-editor.default\">\n\t\t\t\t<div class=\"elementor-widget-container\">\n\t\t\t\t\t\t\t\t\t<p><strong>Tel\u00e9fonos: <span style=\"color: #ffff00;\"><a style=\"color: #ffff00;\" href=\"https:\/\/wa.me\/3534253343\">+54 9 353 4253343<\/a><\/span><\/strong><br \/><strong>0353 &#8211; 4536239<\/strong><br \/><strong>Contacto:<\/strong> <a href=\"mailto:info@todolactea.com.ar\"><span style=\"color: #ffff00;\"><strong>info@todolactea.com.ar<\/strong><\/span><\/a><br \/>Sociedad Rural de San Francisco<br \/>Direcci\u00f3n: Av. Cervantes 3329 | San Francisco, C\u00f3rdoba<\/p>\t\t\t\t\t\t\t\t<\/div>\n\t\t\t\t<\/div>\n\t\t\t\t\t<\/div>\n\t\t<\/div>\n\t\t\t\t<div class=\"elementor-column elementor-col-33 elementor-inner-column elementor-element elementor-element-1114addd\" data-id=\"1114addd\" data-element_type=\"column\" data-e-type=\"column\">\n\t\t\t<div class=\"elementor-widget-wrap elementor-element-populated\">\n\t\t\t\t\t\t<div class=\"elementor-element elementor-element-7294db85 e-grid-align-right e-grid-align-tablet-right elementor-shape-circle e-grid-align-mobile-center elementor-grid-0 elementor-widget elementor-widget-social-icons\" data-id=\"7294db85\" data-element_type=\"widget\" data-e-type=\"widget\" data-widget_type=\"social-icons.default\">\n\t\t\t\t<div class=\"elementor-widget-container\">\n\t\t\t\t\t\t\t<div class=\"elementor-social-icons-wrapper elementor-grid\" role=\"list\">\n\t\t\t\t\t\t\t<span class=\"elementor-grid-item\" role=\"listitem\">\n\t\t\t\t\t<a class=\"elementor-icon elementor-social-icon elementor-social-icon-facebook-f elementor-animation-shrink elementor-repeater-item-c29d3e9\" href=\"https:\/\/www.facebook.com\/todolactea\" target=\"_blank\">\n\t\t\t\t\t\t<span class=\"elementor-screen-only\">Facebook-f<\/span>\n\t\t\t\t\t\t<i aria-hidden=\"true\" class=\"fab fa-facebook-f\"><\/i>\t\t\t\t\t<\/a>\n\t\t\t\t<\/span>\n\t\t\t\t\t\t\t<span class=\"elementor-grid-item\" role=\"listitem\">\n\t\t\t\t\t<a class=\"elementor-icon elementor-social-icon elementor-social-icon-instagram elementor-animation-shrink elementor-repeater-item-87d6eb6\" href=\"https:\/\/www.instagram.com\/todolactea\/\" target=\"_blank\">\n\t\t\t\t\t\t<span class=\"elementor-screen-only\">Instagram<\/span>\n\t\t\t\t\t\t<i aria-hidden=\"true\" class=\"fab fa-instagram\"><\/i>\t\t\t\t\t<\/a>\n\t\t\t\t<\/span>\n\t\t\t\t\t\t\t<span class=\"elementor-grid-item\" role=\"listitem\">\n\t\t\t\t\t<a class=\"elementor-icon elementor-social-icon elementor-social-icon-twitter elementor-animation-shrink elementor-repeater-item-6a089dc\" href=\"https:\/\/twitter.com\/TodoLactea\" target=\"_blank\">\n\t\t\t\t\t\t<span class=\"elementor-screen-only\">Twitter<\/span>\n\t\t\t\t\t\t<i aria-hidden=\"true\" class=\"fab fa-twitter\"><\/i>\t\t\t\t\t<\/a>\n\t\t\t\t<\/span>\n\t\t\t\t\t\t\t<span class=\"elementor-grid-item\" role=\"listitem\">\n\t\t\t\t\t<a class=\"elementor-icon elementor-social-icon elementor-social-icon-youtube elementor-animation-shrink elementor-repeater-item-793b246\" href=\"https:\/\/www.youtube.com\/watch?v=dYL_EvfatJ0\" target=\"_blank\">\n\t\t\t\t\t\t<span class=\"elementor-screen-only\">Youtube<\/span>\n\t\t\t\t\t\t<i aria-hidden=\"true\" class=\"fab fa-youtube\"><\/i>\t\t\t\t\t<\/a>\n\t\t\t\t<\/span>\n\t\t\t\t\t<\/div>\n\t\t\t\t\t\t<\/div>\n\t\t\t\t<\/div>\n\t\t\t\t\t<\/div>\n\t\t<\/div>\n\t\t\t\t\t<\/div>\n\t\t<\/section>\n\t\t\t\t\t<\/div>\n\t\t<\/div>\n\t\t\t\t\t<\/div>\n\t\t<\/section>\n\t\t\t\t<\/div>\n\t\t","protected":false},"excerpt":{"rendered":"<p>Jornada Tambo 360 Jueves 14 de Mayo | 11:00 hs | Auditorio VILLA NUEVA TECH La sustentabilidad es uno de los ejes diacr\u00f3nicos de TodoL\u00e1ctea y en esta jornada trabajar\u00e1 4 aspectos centrales de un Tambo 360: la gesti\u00f3n integral de los residuos pecuarios, el impacto ambiental, el uso agron\u00f3mico de los efluentes y la posibilidad de producir biog\u00e1s. PROGRAMA: Gesti\u00f3n integral de los residuos pecuarios.Diserta: Ing. Qu\u00edmico Leonardo Genero, titular de la empresa Gening. El potencial de los tambos para la producci\u00f3n de Biog\u00e1s. Desarrollo de negocios. La oportunidad de operar con el MEVA (Mercado de Valores Ambientales).Diserta: Juan Pablo Macagno, consultor privado y fundador de Cleanenergy. Nutrir las vacas para nutrir los suelos. Uso agron\u00f3mico de los efluentesDiserta: Nicol\u00e1s Sosa y Marcos Bragachini, t\u00e9cnicos del INTA. INSCRIPCIONES Organiza Tel\u00e9fonos: +54 9 353 42533430353 &#8211; 4536239Contacto: info@todolactea.com.arSociedad Rural de San FranciscoDirecci\u00f3n: Av. Cervantes 3329 | San Francisco, C\u00f3rdoba Facebook-f Instagram Twitter Youtube<\/p>\n","protected":false},"author":2,"featured_media":0,"parent":0,"menu_order":0,"comment_status":"closed","ping_status":"closed","template":"elementor_header_footer","meta":{"site-sidebar-layout":"no-sidebar","site-content-layout":"page-builder","ast-site-content-layout":"full-width-container","site-content-style":"unboxed","site-sidebar-style":"unboxed","ast-global-header-display":"","ast-banner-title-visibility":"","ast-main-header-display":"","ast-hfb-above-header-display":"","ast-hfb-below-header-display":"","ast-hfb-mobile-header-display":"","site-post-title":"disabled","ast-breadcrumbs-content":"","ast-featured-img":"disabled","footer-sml-layout":"","ast-disable-related-posts":"","theme-transparent-header-meta":"","adv-header-id-meta":"","stick-header-meta":"","header-above-stick-meta":"","header-main-stick-meta":"","header-below-stick-meta":"","astra-migrate-meta-layouts":"set","ast-page-background-enabled":"default","ast-page-background-meta":{"desktop":{"background-color":"var(--ast-global-color-4)","background-image":"","background-repeat":"repeat","background-position":"center center","background-size":"auto","background-attachment":"scroll","background-type":"","background-media":"","overlay-type":"","overlay-color":"","overlay-opacity":"","overlay-gradient":""},"tablet":{"background-color":"","background-image":"","background-repeat":"repeat","background-position":"center center","background-size":"auto","background-attachment":"scroll","background-type":"","background-media":"","overlay-type":"","overlay-color":"","overlay-opacity":"","overlay-gradient":""},"mobile":{"background-color":"","background-image":"","background-repeat":"repeat","background-position":"center center","background-size":"auto","background-attachment":"scroll","background-type":"","background-media":"","overlay-type":"","overlay-color":"","overlay-opacity":"","overlay-gradient":""}},"ast-content-background-meta":{"desktop":{"background-color":"var(--ast-global-color-5)","background-image":"","background-repeat":"repeat","background-position":"center center","background-size":"auto","background-attachment":"scroll","background-type":"","background-media":"","overlay-type":"","overlay-color":"","overlay-opacity":"","overlay-gradient":""},"tablet":{"background-color":"var(--ast-global-color-5)","background-image":"","background-repeat":"repeat","background-position":"center center","background-size":"auto","background-attachment":"scroll","background-type":"","background-media":"","overlay-type":"","overlay-color":"","overlay-opacity":"","overlay-gradient":""},"mobile":{"background-color":"var(--ast-global-color-5)","background-image":"","background-repeat":"repeat","background-position":"center center","background-size":"auto","background-attachment":"scroll","background-type":"","background-media":"","overlay-type":"","overlay-color":"","overlay-opacity":"","overlay-gradient":""}},"footnotes":""},"class_list":["post-9291","page","type-page","status-publish","hentry"],"_links":{"self":[{"href":"https:\/\/todolactea.com.ar\/lecheria\/wp-json\/wp\/v2\/pages\/9291","targetHints":{"allow":["GET"]}}],"collection":[{"href":"https:\/\/todolactea.com.ar\/lecheria\/wp-json\/wp\/v2\/pages"}],"about":[{"href":"https:\/\/todolactea.com.ar\/lecheria\/wp-json\/wp\/v2\/types\/page"}],"author":[{"embeddable":true,"href":"https:\/\/todolactea.com.ar\/lecheria\/wp-json\/wp\/v2\/users\/2"}],"replies":[{"embeddable":true,"href":"https:\/\/todolactea.com.ar\/lecheria\/wp-json\/wp\/v2\/comments?post=9291"}],"version-history":[{"count":57,"href":"https:\/\/todolactea.com.ar\/lecheria\/wp-json\/wp\/v2\/pages\/9291\/revisions"}],"predecessor-version":[{"id":21171,"href":"https:\/\/todolactea.com.ar\/lecheria\/wp-json\/wp\/v2\/pages\/9291\/revisions\/21171"}],"wp:attachment":[{"href":"https:\/\/todolactea.com.ar\/lecheria\/wp-json\/wp\/v2\/media?parent=9291"}],"curies":[{"name":"wp","href":"https:\/\/api.w.org\/{rel}","templated":true}]}}