{"id":9300,"date":"2024-02-26T15:26:20","date_gmt":"2024-02-26T15:26:20","guid":{"rendered":"https:\/\/todolactea.com.ar\/lecheria\/?page_id=9300"},"modified":"2026-04-24T22:16:23","modified_gmt":"2026-04-24T22:16:23","slug":"enfermedades-podales","status":"publish","type":"page","link":"https:\/\/todolactea.com.ar\/lecheria\/enfermedades-podales\/","title":{"rendered":"Taller sobre Salud Podal de la Vaca Lechera"},"content":{"rendered":"\t\t<div data-elementor-type=\"wp-page\" data-elementor-id=\"9300\" class=\"elementor elementor-9300\" data-elementor-post-type=\"page\">\n\t\t\t\t\t\t<section class=\"elementor-section elementor-top-section elementor-element elementor-element-4859f7c8 elementor-section-boxed elementor-section-height-default elementor-section-height-default wpr-particle-no wpr-jarallax-no wpr-parallax-no wpr-sticky-section-no wpr-equal-height-no\" data-id=\"4859f7c8\" data-element_type=\"section\" data-e-type=\"section\" data-settings=\"{&quot;background_background&quot;:&quot;classic&quot;}\">\n\t\t\t\t\t\t\t<div class=\"elementor-background-overlay\"><\/div>\n\t\t\t\t\t\t\t<div class=\"elementor-container elementor-column-gap-default\">\n\t\t\t\t\t<div class=\"elementor-column elementor-col-33 elementor-top-column elementor-element elementor-element-656bfa53\" data-id=\"656bfa53\" data-element_type=\"column\" data-e-type=\"column\">\n\t\t\t<div class=\"elementor-widget-wrap\">\n\t\t\t\t\t\t\t<\/div>\n\t\t<\/div>\n\t\t\t\t<div class=\"elementor-column elementor-col-33 elementor-top-column elementor-element elementor-element-10b3b63d\" data-id=\"10b3b63d\" data-element_type=\"column\" data-e-type=\"column\">\n\t\t\t<div class=\"elementor-widget-wrap elementor-element-populated\">\n\t\t\t\t\t\t<div class=\"elementor-element elementor-element-2605d6fe elementor-widget elementor-widget-elementskit-heading\" data-id=\"2605d6fe\" data-element_type=\"widget\" data-e-type=\"widget\" data-widget_type=\"elementskit-heading.default\">\n\t\t\t\t<div class=\"elementor-widget-container\">\n\t\t\t\t\t<div class=\"ekit-wid-con\" ><div class=\"ekit-heading elementskit-section-title-wraper center   ekit_heading_tablet-   ekit_heading_mobile-\"><h2 class=\"ekit-heading--title elementskit-section-title \">Taller sobre Salud Podal de la Vaca Lechera<\/h2><\/div><\/div>\t\t\t\t<\/div>\n\t\t\t\t<\/div>\n\t\t\t\t<div class=\"elementor-element elementor-element-6df5c3bf elementor-widget elementor-widget-elementskit-heading\" data-id=\"6df5c3bf\" data-element_type=\"widget\" data-e-type=\"widget\" data-widget_type=\"elementskit-heading.default\">\n\t\t\t\t<div class=\"elementor-widget-container\">\n\t\t\t\t\t<div class=\"ekit-wid-con\" ><div class=\"ekit-heading elementskit-section-title-wraper text_center   ekit_heading_tablet-   ekit_heading_mobile-\">\t\t\t\t<div class='ekit-heading__description'>\n\t\t\t\t\t<p><span style=\"color: #ffcc00\">Mi\u00e9rcoles 13 de Mayo | 9:00hs | Auditorio Select Debernardi<\/span><\/p>\n\t\t\t\t<\/div>\n\t\t\t<\/div><\/div>\t\t\t\t<\/div>\n\t\t\t\t<\/div>\n\t\t\t\t\t<\/div>\n\t\t<\/div>\n\t\t\t\t<div class=\"elementor-column elementor-col-33 elementor-top-column elementor-element elementor-element-7d668aaf\" data-id=\"7d668aaf\" data-element_type=\"column\" data-e-type=\"column\">\n\t\t\t<div class=\"elementor-widget-wrap\">\n\t\t\t\t\t\t\t<\/div>\n\t\t<\/div>\n\t\t\t\t\t<\/div>\n\t\t<\/section>\n\t\t\t\t<section class=\"elementor-section elementor-top-section elementor-element elementor-element-724b540 elementor-section-boxed elementor-section-height-default elementor-section-height-default wpr-particle-no wpr-jarallax-no wpr-parallax-no wpr-sticky-section-no wpr-equal-height-no\" data-id=\"724b540\" data-element_type=\"section\" data-e-type=\"section\">\n\t\t\t\t\t\t<div class=\"elementor-container elementor-column-gap-default\">\n\t\t\t\t\t<div class=\"elementor-column elementor-col-100 elementor-top-column elementor-element elementor-element-39c82cf\" data-id=\"39c82cf\" data-element_type=\"column\" data-e-type=\"column\">\n\t\t\t<div class=\"elementor-widget-wrap elementor-element-populated\">\n\t\t\t\t\t\t<div class=\"elementor-element elementor-element-a378841 elementor-widget elementor-widget-spacer\" data-id=\"a378841\" data-element_type=\"widget\" data-e-type=\"widget\" data-widget_type=\"spacer.default\">\n\t\t\t\t<div class=\"elementor-widget-container\">\n\t\t\t\t\t\t\t<div class=\"elementor-spacer\">\n\t\t\t<div class=\"elementor-spacer-inner\"><\/div>\n\t\t<\/div>\n\t\t\t\t\t\t<\/div>\n\t\t\t\t<\/div>\n\t\t\t\t<div class=\"elementor-element elementor-element-92413cf elementor-widget elementor-widget-text-editor\" data-id=\"92413cf\" data-element_type=\"widget\" data-e-type=\"widget\" data-widget_type=\"text-editor.default\">\n\t\t\t\t<div class=\"elementor-widget-container\">\n\t\t\t\t\t\t\t\t\t<p>La podolog\u00eda bovina tendr\u00e1 su espacio en TodoL\u00e1ctea con t\u00e9cnicos de renombre y un taller espec\u00edfico. En la oportunidad se presentar\u00e1 el primer Congreso Nacional de Podolog\u00eda Bovina que tendr\u00e1 lugar en septiembre en Villa Mar\u00eda.<\/p><p>En horas de la ma\u00f1ana del mi\u00e9rcoles 13 de mayo, desde las 9.00 horas a las 12.00 horas, tendr\u00e1 lugar en el Auditorio 3 Select Debernardi, un Taller sobre Podolog\u00eda en vacas lecheras.<\/p><p>La capacitaci\u00f3n es organizada por la Asociaci\u00f3n Argentina de Podolog\u00eda Bovina (AAPB), instituci\u00f3n actualmente en proceso de formaci\u00f3n. La actividad est\u00e1 dirigida a todas aquellas personas interesadas en formarse, actualizar conocimientos o intercambiar experiencias sobre el cuidado de la salud podal y el bienestar de las vacas lecheras.<\/p><p>Los problemas podales en vacas lecheras son una causa principal de renguera y p\u00e9rdidas productivas, afectando la fertilidad, producci\u00f3n lechera y longevidad del rodeo. Las afecciones, principalmente dermatitis digital y enfermedades traum\u00e1ticas derivan de la intensificaci\u00f3n productiva, humedad en el ambiente, y mal estado de instalaciones.<\/p><p>Entre otros temas, en el taller se abordar\u00e1 la importancia de la salud podal en el ganado lechero y las pr\u00e1cticas preventivas, destacando que las patolog\u00edas podales son un problema significativo que afecta la producci\u00f3n y el bienestar animal, y se abordar\u00e1n las estrategias para su manejo.<\/p><p>Un a\u00f1o intenso para los pod\u00f3logos bovinos<\/p><p>Durante el encuentro tambi\u00e9n se realizar\u00e1 la presentaci\u00f3n formal de la AAPB y se anunciar\u00e1 el Primer Congreso Argentino de Podolog\u00eda Bovina, una iniciativa impulsada junto a diversas instituciones del sector. El congreso se desarrollar\u00e1 los d\u00edas 16, 17 y 18 de septiembre en Villa Mar\u00eda y contar\u00e1 con la participaci\u00f3n de destacados disertantes internacionales como Jos\u00e9 Borkert (Chile), Jammie Sullivan (Canad\u00e1), Luciano Marega y Rogerio Isler (Brasil) y adem\u00e1s de reconocidos especialistas nacionales, como por ejemplo Marcos Zenobi, Mariano Alonso, Pablo Acosta, entre otros.<\/p><p>El evento busca fortalecer el intercambio t\u00e9cnico y profesional en torno a la podolog\u00eda bovina, una pr\u00e1ctica clave para mejorar el bienestar animal, la productividad y la sustentabilidad de los sistemas lecheros.<\/p>\t\t\t\t\t\t\t\t<\/div>\n\t\t\t\t<\/div>\n\t\t\t\t\t<\/div>\n\t\t<\/div>\n\t\t\t\t\t<\/div>\n\t\t<\/section>\n\t\t\t\t<section class=\"elementor-section elementor-top-section elementor-element elementor-element-6694c2d4 elementor-section-boxed elementor-section-height-default elementor-section-height-default wpr-particle-no wpr-jarallax-no wpr-parallax-no wpr-sticky-section-no wpr-equal-height-no\" data-id=\"6694c2d4\" data-element_type=\"section\" data-e-type=\"section\">\n\t\t\t\t\t\t<div class=\"elementor-container elementor-column-gap-default\">\n\t\t\t\t\t<div class=\"elementor-column elementor-col-100 elementor-top-column elementor-element elementor-element-d1e780e\" data-id=\"d1e780e\" data-element_type=\"column\" data-e-type=\"column\">\n\t\t\t<div class=\"elementor-widget-wrap elementor-element-populated\">\n\t\t\t\t\t\t<div class=\"elementor-element elementor-element-7b8d71d4 elementor-button-info elementor-align-center elementor-widget elementor-widget-button\" data-id=\"7b8d71d4\" data-element_type=\"widget\" data-e-type=\"widget\" data-widget_type=\"button.default\">\n\t\t\t\t<div class=\"elementor-widget-container\">\n\t\t\t\t\t\t\t\t\t<div class=\"elementor-button-wrapper\">\n\t\t\t\t\t<a class=\"elementor-button elementor-button-link elementor-size-sm\" href=\"https:\/\/inscripciones-todolactea.animussoft.com.ar\/\" target=\"_blank\">\n\t\t\t\t\t\t<span class=\"elementor-button-content-wrapper\">\n\t\t\t\t\t\t\t\t\t<span class=\"elementor-button-text\">INSCRIPCIONES<\/span>\n\t\t\t\t\t<\/span>\n\t\t\t\t\t<\/a>\n\t\t\t\t<\/div>\n\t\t\t\t\t\t\t\t<\/div>\n\t\t\t\t<\/div>\n\t\t\t\t<div class=\"elementor-element elementor-element-11c0438a elementor-widget elementor-widget-spacer\" data-id=\"11c0438a\" data-element_type=\"widget\" data-e-type=\"widget\" data-widget_type=\"spacer.default\">\n\t\t\t\t<div class=\"elementor-widget-container\">\n\t\t\t\t\t\t\t<div class=\"elementor-spacer\">\n\t\t\t<div class=\"elementor-spacer-inner\"><\/div>\n\t\t<\/div>\n\t\t\t\t\t\t<\/div>\n\t\t\t\t<\/div>\n\t\t\t\t\t<\/div>\n\t\t<\/div>\n\t\t\t\t\t<\/div>\n\t\t<\/section>\n\t\t\t\t<section class=\"elementor-section elementor-top-section elementor-element elementor-element-587c3917 elementor-section-content-top elementor-section-boxed elementor-section-height-default elementor-section-height-default wpr-particle-no wpr-jarallax-no wpr-parallax-no wpr-sticky-section-no wpr-equal-height-no\" data-id=\"587c3917\" data-element_type=\"section\" data-e-type=\"section\" data-settings=\"{&quot;background_background&quot;:&quot;classic&quot;}\">\n\t\t\t\t\t\t\t<div class=\"elementor-background-overlay\"><\/div>\n\t\t\t\t\t\t\t<div class=\"elementor-container elementor-column-gap-default\">\n\t\t\t\t\t<div class=\"elementor-column elementor-col-100 elementor-top-column elementor-element elementor-element-997fae\" data-id=\"997fae\" data-element_type=\"column\" data-e-type=\"column\">\n\t\t\t<div class=\"elementor-widget-wrap elementor-element-populated\">\n\t\t\t\t\t\t<section class=\"elementor-section elementor-inner-section elementor-element elementor-element-7ea29af elementor-section-content-top elementor-section-boxed elementor-section-height-default elementor-section-height-default wpr-particle-no wpr-jarallax-no wpr-parallax-no wpr-sticky-section-no wpr-equal-height-no\" data-id=\"7ea29af\" data-element_type=\"section\" data-e-type=\"section\">\n\t\t\t\t\t\t<div class=\"elementor-container elementor-column-gap-default\">\n\t\t\t\t\t<div class=\"elementor-column elementor-col-33 elementor-inner-column elementor-element elementor-element-6278a7ec\" data-id=\"6278a7ec\" data-element_type=\"column\" data-e-type=\"column\">\n\t\t\t<div class=\"elementor-widget-wrap elementor-element-populated\">\n\t\t\t\t\t\t<div class=\"elementor-element elementor-element-2207f6d4 elementor-widget elementor-widget-heading\" data-id=\"2207f6d4\" data-element_type=\"widget\" data-e-type=\"widget\" data-widget_type=\"heading.default\">\n\t\t\t\t<div class=\"elementor-widget-container\">\n\t\t\t\t\t<h2 class=\"elementor-heading-title elementor-size-default\">Organiza<\/h2>\t\t\t\t<\/div>\n\t\t\t\t<\/div>\n\t\t\t\t<div class=\"elementor-element elementor-element-38127962 elementor-widget elementor-widget-image\" data-id=\"38127962\" data-element_type=\"widget\" data-e-type=\"widget\" data-widget_type=\"image.default\">\n\t\t\t\t<div class=\"elementor-widget-container\">\n\t\t\t\t\t\t\t\t\t\t\t\t\t\t\t<img fetchpriority=\"high\" decoding=\"async\" width=\"1875\" height=\"523\" src=\"https:\/\/todolactea.com.ar\/lecheria\/wp-content\/uploads\/2023\/02\/Grupo-TodoAgro-Blanco-01.png\" class=\"attachment-full size-full wp-image-6825\" alt=\"\" srcset=\"https:\/\/todolactea.com.ar\/lecheria\/wp-content\/uploads\/2023\/02\/Grupo-TodoAgro-Blanco-01.png 1875w, https:\/\/todolactea.com.ar\/lecheria\/wp-content\/uploads\/2023\/02\/Grupo-TodoAgro-Blanco-01-300x84.png 300w, https:\/\/todolactea.com.ar\/lecheria\/wp-content\/uploads\/2023\/02\/Grupo-TodoAgro-Blanco-01-1024x286.png 1024w, https:\/\/todolactea.com.ar\/lecheria\/wp-content\/uploads\/2023\/02\/Grupo-TodoAgro-Blanco-01-768x214.png 768w, https:\/\/todolactea.com.ar\/lecheria\/wp-content\/uploads\/2023\/02\/Grupo-TodoAgro-Blanco-01-1536x428.png 1536w\" sizes=\"(max-width: 1875px) 100vw, 1875px\" \/>\t\t\t\t\t\t\t\t\t\t\t\t\t\t\t<\/div>\n\t\t\t\t<\/div>\n\t\t\t\t\t<\/div>\n\t\t<\/div>\n\t\t\t\t<div class=\"elementor-column elementor-col-33 elementor-inner-column elementor-element elementor-element-17c4756b\" data-id=\"17c4756b\" data-element_type=\"column\" data-e-type=\"column\">\n\t\t\t<div class=\"elementor-widget-wrap elementor-element-populated\">\n\t\t\t\t\t\t<div class=\"elementor-element elementor-element-9d5a612 elementor-invisible elementor-widget elementor-widget-text-editor\" data-id=\"9d5a612\" data-element_type=\"widget\" data-e-type=\"widget\" data-settings=\"{&quot;_animation_delay&quot;:600,&quot;_animation&quot;:&quot;fadeInUp&quot;}\" data-widget_type=\"text-editor.default\">\n\t\t\t\t<div class=\"elementor-widget-container\">\n\t\t\t\t\t\t\t\t\t<p><strong>Tel\u00e9fonos: <span style=\"color: #ffff00;\"><a style=\"color: #ffff00;\" href=\"https:\/\/wa.me\/3534253343\">3534 253343<\/a><\/span><\/strong><br \/><strong>0353 &#8211; 4613068<\/strong><br \/><strong>Contacto:<\/strong> <a href=\"mailto:info@todolactea.com.ar\"><span style=\"color: #ffff00;\"><strong>info@todolactea.com.ar<\/strong><\/span><\/a><br \/>Sociedad Rural de San Francisco<br \/>Direcci\u00f3n: Av. Cervantes 3329 | San Francisco, C\u00f3rdoba<\/p>\t\t\t\t\t\t\t\t<\/div>\n\t\t\t\t<\/div>\n\t\t\t\t\t<\/div>\n\t\t<\/div>\n\t\t\t\t<div class=\"elementor-column elementor-col-33 elementor-inner-column elementor-element elementor-element-4815ce13\" data-id=\"4815ce13\" data-element_type=\"column\" data-e-type=\"column\">\n\t\t\t<div class=\"elementor-widget-wrap elementor-element-populated\">\n\t\t\t\t\t\t<div class=\"elementor-element elementor-element-48841f1c e-grid-align-right e-grid-align-tablet-right elementor-shape-circle e-grid-align-mobile-center elementor-grid-0 elementor-widget elementor-widget-social-icons\" data-id=\"48841f1c\" data-element_type=\"widget\" data-e-type=\"widget\" data-widget_type=\"social-icons.default\">\n\t\t\t\t<div class=\"elementor-widget-container\">\n\t\t\t\t\t\t\t<div class=\"elementor-social-icons-wrapper elementor-grid\" role=\"list\">\n\t\t\t\t\t\t\t<span class=\"elementor-grid-item\" role=\"listitem\">\n\t\t\t\t\t<a class=\"elementor-icon elementor-social-icon elementor-social-icon-facebook-f elementor-animation-shrink elementor-repeater-item-c29d3e9\" href=\"https:\/\/www.facebook.com\/todolactea\" target=\"_blank\">\n\t\t\t\t\t\t<span class=\"elementor-screen-only\">Facebook-f<\/span>\n\t\t\t\t\t\t<i aria-hidden=\"true\" class=\"fab fa-facebook-f\"><\/i>\t\t\t\t\t<\/a>\n\t\t\t\t<\/span>\n\t\t\t\t\t\t\t<span class=\"elementor-grid-item\" role=\"listitem\">\n\t\t\t\t\t<a class=\"elementor-icon elementor-social-icon elementor-social-icon-instagram elementor-animation-shrink elementor-repeater-item-87d6eb6\" href=\"https:\/\/www.instagram.com\/todolactea\/\" target=\"_blank\">\n\t\t\t\t\t\t<span class=\"elementor-screen-only\">Instagram<\/span>\n\t\t\t\t\t\t<i aria-hidden=\"true\" class=\"fab fa-instagram\"><\/i>\t\t\t\t\t<\/a>\n\t\t\t\t<\/span>\n\t\t\t\t\t\t\t<span class=\"elementor-grid-item\" role=\"listitem\">\n\t\t\t\t\t<a class=\"elementor-icon elementor-social-icon elementor-social-icon-twitter elementor-animation-shrink elementor-repeater-item-6a089dc\" href=\"https:\/\/twitter.com\/TodoLactea\" target=\"_blank\">\n\t\t\t\t\t\t<span class=\"elementor-screen-only\">Twitter<\/span>\n\t\t\t\t\t\t<i aria-hidden=\"true\" class=\"fab fa-twitter\"><\/i>\t\t\t\t\t<\/a>\n\t\t\t\t<\/span>\n\t\t\t\t\t\t\t<span class=\"elementor-grid-item\" role=\"listitem\">\n\t\t\t\t\t<a class=\"elementor-icon elementor-social-icon elementor-social-icon-youtube elementor-animation-shrink elementor-repeater-item-793b246\" href=\"https:\/\/www.youtube.com\/watch?v=dYL_EvfatJ0\" target=\"_blank\">\n\t\t\t\t\t\t<span class=\"elementor-screen-only\">Youtube<\/span>\n\t\t\t\t\t\t<i aria-hidden=\"true\" class=\"fab fa-youtube\"><\/i>\t\t\t\t\t<\/a>\n\t\t\t\t<\/span>\n\t\t\t\t\t<\/div>\n\t\t\t\t\t\t<\/div>\n\t\t\t\t<\/div>\n\t\t\t\t\t<\/div>\n\t\t<\/div>\n\t\t\t\t\t<\/div>\n\t\t<\/section>\n\t\t\t\t\t<\/div>\n\t\t<\/div>\n\t\t\t\t\t<\/div>\n\t\t<\/section>\n\t\t\t\t<\/div>\n\t\t","protected":false},"excerpt":{"rendered":"<p>Taller sobre Salud Podal de la Vaca Lechera Mi\u00e9rcoles 13 de Mayo | 9:00hs | Auditorio Select Debernardi La podolog\u00eda bovina tendr\u00e1 su espacio en TodoL\u00e1ctea con t\u00e9cnicos de renombre y un taller espec\u00edfico. En la oportunidad se presentar\u00e1 el primer Congreso Nacional de Podolog\u00eda Bovina que tendr\u00e1 lugar en septiembre en Villa Mar\u00eda. En horas de la ma\u00f1ana del mi\u00e9rcoles 13 de mayo, desde las 9.00 horas a las 12.00 horas, tendr\u00e1 lugar en el Auditorio 3 Select Debernardi, un Taller sobre Podolog\u00eda en vacas lecheras. La capacitaci\u00f3n es organizada por la Asociaci\u00f3n Argentina de Podolog\u00eda Bovina (AAPB), instituci\u00f3n actualmente en proceso de formaci\u00f3n. La actividad est\u00e1 dirigida a todas aquellas personas interesadas en formarse, actualizar conocimientos o intercambiar experiencias sobre el cuidado de la salud podal y el bienestar de las vacas lecheras. Los problemas podales en vacas lecheras son una causa principal de renguera y p\u00e9rdidas productivas, afectando la fertilidad, producci\u00f3n lechera y longevidad del rodeo. Las afecciones, principalmente dermatitis digital y enfermedades traum\u00e1ticas derivan de la intensificaci\u00f3n productiva, humedad en el ambiente, y mal estado de instalaciones. Entre otros temas, en el taller se abordar\u00e1 la importancia de la salud podal en el ganado lechero y las pr\u00e1cticas preventivas, destacando que las patolog\u00edas podales son un problema significativo que afecta la producci\u00f3n y el bienestar animal, y se abordar\u00e1n las estrategias para su manejo. Un a\u00f1o intenso para los pod\u00f3logos bovinos Durante el encuentro tambi\u00e9n se realizar\u00e1 la presentaci\u00f3n formal de la AAPB y se anunciar\u00e1 el Primer Congreso Argentino de Podolog\u00eda Bovina, una iniciativa impulsada junto a diversas instituciones del sector. El congreso se desarrollar\u00e1 los d\u00edas 16, 17 y 18 de septiembre en Villa Mar\u00eda y contar\u00e1 con la participaci\u00f3n de destacados disertantes internacionales como Jos\u00e9 Borkert (Chile), Jammie Sullivan (Canad\u00e1), Luciano Marega y Rogerio Isler (Brasil) y adem\u00e1s de reconocidos especialistas nacionales, como por ejemplo Marcos Zenobi, Mariano Alonso, Pablo Acosta, entre otros. El evento busca fortalecer el intercambio t\u00e9cnico y profesional en torno a la podolog\u00eda bovina, una pr\u00e1ctica clave para mejorar el bienestar animal, la productividad y la sustentabilidad de los sistemas lecheros. INSCRIPCIONES Organiza Tel\u00e9fonos: 3534 2533430353 &#8211; 4613068Contacto: info@todolactea.com.arSociedad Rural de San FranciscoDirecci\u00f3n: Av. Cervantes 3329 | San Francisco, C\u00f3rdoba Facebook-f Instagram Twitter Youtube<\/p>\n","protected":false},"author":2,"featured_media":0,"parent":0,"menu_order":0,"comment_status":"closed","ping_status":"closed","template":"","meta":{"site-sidebar-layout":"no-sidebar","site-content-layout":"page-builder","ast-site-content-layout":"default","site-content-style":"default","site-sidebar-style":"default","ast-global-header-display":"","ast-banner-title-visibility":"","ast-main-header-display":"","ast-hfb-above-header-display":"","ast-hfb-below-header-display":"","ast-hfb-mobile-header-display":"","site-post-title":"disabled","ast-breadcrumbs-content":"","ast-featured-img":"disabled","footer-sml-layout":"","ast-disable-related-posts":"","theme-transparent-header-meta":"","adv-header-id-meta":"","stick-header-meta":"","header-above-stick-meta":"","header-main-stick-meta":"","header-below-stick-meta":"","astra-migrate-meta-layouts":"default","ast-page-background-enabled":"default","ast-page-background-meta":{"desktop":{"background-color":"var(--ast-global-color-4)","background-image":"","background-repeat":"repeat","background-position":"center center","background-size":"auto","background-attachment":"scroll","background-type":"","background-media":"","overlay-type":"","overlay-color":"","overlay-opacity":"","overlay-gradient":""},"tablet":{"background-color":"","background-image":"","background-repeat":"repeat","background-position":"center center","background-size":"auto","background-attachment":"scroll","background-type":"","background-media":"","overlay-type":"","overlay-color":"","overlay-opacity":"","overlay-gradient":""},"mobile":{"background-color":"","background-image":"","background-repeat":"repeat","background-position":"center center","background-size":"auto","background-attachment":"scroll","background-type":"","background-media":"","overlay-type":"","overlay-color":"","overlay-opacity":"","overlay-gradient":""}},"ast-content-background-meta":{"desktop":{"background-color":"var(--ast-global-color-5)","background-image":"","background-repeat":"repeat","background-position":"center center","background-size":"auto","background-attachment":"scroll","background-type":"","background-media":"","overlay-type":"","overlay-color":"","overlay-opacity":"","overlay-gradient":""},"tablet":{"background-color":"var(--ast-global-color-5)","background-image":"","background-repeat":"repeat","background-position":"center center","background-size":"auto","background-attachment":"scroll","background-type":"","background-media":"","overlay-type":"","overlay-color":"","overlay-opacity":"","overlay-gradient":""},"mobile":{"background-color":"var(--ast-global-color-5)","background-image":"","background-repeat":"repeat","background-position":"center center","background-size":"auto","background-attachment":"scroll","background-type":"","background-media":"","overlay-type":"","overlay-color":"","overlay-opacity":"","overlay-gradient":""}},"footnotes":""},"class_list":["post-9300","page","type-page","status-publish","hentry"],"_links":{"self":[{"href":"https:\/\/todolactea.com.ar\/lecheria\/wp-json\/wp\/v2\/pages\/9300","targetHints":{"allow":["GET"]}}],"collection":[{"href":"https:\/\/todolactea.com.ar\/lecheria\/wp-json\/wp\/v2\/pages"}],"about":[{"href":"https:\/\/todolactea.com.ar\/lecheria\/wp-json\/wp\/v2\/types\/page"}],"author":[{"embeddable":true,"href":"https:\/\/todolactea.com.ar\/lecheria\/wp-json\/wp\/v2\/users\/2"}],"replies":[{"embeddable":true,"href":"https:\/\/todolactea.com.ar\/lecheria\/wp-json\/wp\/v2\/comments?post=9300"}],"version-history":[{"count":25,"href":"https:\/\/todolactea.com.ar\/lecheria\/wp-json\/wp\/v2\/pages\/9300\/revisions"}],"predecessor-version":[{"id":21316,"href":"https:\/\/todolactea.com.ar\/lecheria\/wp-json\/wp\/v2\/pages\/9300\/revisions\/21316"}],"wp:attachment":[{"href":"https:\/\/todolactea.com.ar\/lecheria\/wp-json\/wp\/v2\/media?parent=9300"}],"curies":[{"name":"wp","href":"https:\/\/api.w.org\/{rel}","templated":true}]}}